{"id":6,"date":"2023-06-25T15:02:37","date_gmt":"2023-06-25T13:02:37","guid":{"rendered":"http:\/\/wilfriedgroupe.com\/?page_id=6"},"modified":"2023-09-08T13:58:24","modified_gmt":"2023-09-08T11:58:24","slug":"accueil","status":"publish","type":"page","link":"https:\/\/wilfriedgroupe.com\/","title":{"rendered":"Accueil"},"content":{"rendered":"\n<figure class=\"wp-block-image alignfull size-large\"><img loading=\"lazy\" decoding=\"async\" width=\"1024\" height=\"576\" src=\"http:\/\/wilfriedgroupe.com\/wp-content\/uploads\/2023\/06\/Wilfried-Groupe-1-1024x576.png\" alt=\"\" class=\"wp-image-93\" srcset=\"https:\/\/wilfriedgroupe.com\/wp-content\/uploads\/2023\/06\/Wilfried-Groupe-1-1024x576.png 1024w, https:\/\/wilfriedgroupe.com\/wp-content\/uploads\/2023\/06\/Wilfried-Groupe-1-300x169.png 300w, https:\/\/wilfriedgroupe.com\/wp-content\/uploads\/2023\/06\/Wilfried-Groupe-1-768x432.png 768w, https:\/\/wilfriedgroupe.com\/wp-content\/uploads\/2023\/06\/Wilfried-Groupe-1-1536x864.png 1536w, https:\/\/wilfriedgroupe.com\/wp-content\/uploads\/2023\/06\/Wilfried-Groupe-1-2048x1151.png 2048w, https:\/\/wilfriedgroupe.com\/wp-content\/uploads\/2023\/06\/Wilfried-Groupe-1-1200x675.png 1200w, https:\/\/wilfriedgroupe.com\/wp-content\/uploads\/2023\/06\/Wilfried-Groupe-1-1980x1113.png 1980w\" sizes=\"auto, (max-width: 1024px) 100vw, 1024px\" \/><\/figure>\n\n\n\n<figure class=\"wp-block-image alignfull size-large\"><img loading=\"lazy\" decoding=\"async\" width=\"1024\" height=\"576\" src=\"http:\/\/wilfriedgroupe.com\/wp-content\/uploads\/2023\/06\/Wilfried-Groupe-1-1-1024x576.png\" alt=\"\" class=\"wp-image-94\" srcset=\"https:\/\/wilfriedgroupe.com\/wp-content\/uploads\/2023\/06\/Wilfried-Groupe-1-1-1024x576.png 1024w, https:\/\/wilfriedgroupe.com\/wp-content\/uploads\/2023\/06\/Wilfried-Groupe-1-1-300x169.png 300w, https:\/\/wilfriedgroupe.com\/wp-content\/uploads\/2023\/06\/Wilfried-Groupe-1-1-768x432.png 768w, https:\/\/wilfriedgroupe.com\/wp-content\/uploads\/2023\/06\/Wilfried-Groupe-1-1-1200x675.png 1200w, https:\/\/wilfriedgroupe.com\/wp-content\/uploads\/2023\/06\/Wilfried-Groupe-1-1.png 1366w\" sizes=\"auto, (max-width: 1024px) 100vw, 1024px\" \/><\/figure>\n\n\n\n<figure class=\"wp-block-image alignfull size-large\"><img loading=\"lazy\" decoding=\"async\" width=\"1024\" height=\"576\" src=\"http:\/\/wilfriedgroupe.com\/wp-content\/uploads\/2023\/06\/Wilfried-Groupe-2-1024x576.png\" alt=\"\" class=\"wp-image-95\" srcset=\"https:\/\/wilfriedgroupe.com\/wp-content\/uploads\/2023\/06\/Wilfried-Groupe-2-1024x576.png 1024w, https:\/\/wilfriedgroupe.com\/wp-content\/uploads\/2023\/06\/Wilfried-Groupe-2-300x169.png 300w, https:\/\/wilfriedgroupe.com\/wp-content\/uploads\/2023\/06\/Wilfried-Groupe-2-768x432.png 768w, https:\/\/wilfriedgroupe.com\/wp-content\/uploads\/2023\/06\/Wilfried-Groupe-2-1536x864.png 1536w, https:\/\/wilfriedgroupe.com\/wp-content\/uploads\/2023\/06\/Wilfried-Groupe-2-2048x1151.png 2048w, https:\/\/wilfriedgroupe.com\/wp-content\/uploads\/2023\/06\/Wilfried-Groupe-2-1200x675.png 1200w, https:\/\/wilfriedgroupe.com\/wp-content\/uploads\/2023\/06\/Wilfried-Groupe-2-1980x1113.png 1980w\" sizes=\"auto, (max-width: 1024px) 100vw, 1024px\" \/><\/figure>\n\n\n\n<div class=\"wp-block-group\"><div class=\"wp-block-group__inner-container is-layout-constrained wp-block-group-is-layout-constrained\"><\/div><\/div>\n\n\n\n<figure class=\"wp-block-image alignfull size-large\"><img loading=\"lazy\" decoding=\"async\" width=\"1024\" height=\"455\" src=\"http:\/\/wilfriedgroupe.com\/wp-content\/uploads\/2023\/09\/Green-Simple-Blob-Business-Mind-Map-Brainstorm-1024x455.png\" alt=\"\" class=\"wp-image-154\" srcset=\"https:\/\/wilfriedgroupe.com\/wp-content\/uploads\/2023\/09\/Green-Simple-Blob-Business-Mind-Map-Brainstorm-1024x455.png 1024w, https:\/\/wilfriedgroupe.com\/wp-content\/uploads\/2023\/09\/Green-Simple-Blob-Business-Mind-Map-Brainstorm-300x133.png 300w, https:\/\/wilfriedgroupe.com\/wp-content\/uploads\/2023\/09\/Green-Simple-Blob-Business-Mind-Map-Brainstorm-768x341.png 768w, https:\/\/wilfriedgroupe.com\/wp-content\/uploads\/2023\/09\/Green-Simple-Blob-Business-Mind-Map-Brainstorm-1536x683.png 1536w, https:\/\/wilfriedgroupe.com\/wp-content\/uploads\/2023\/09\/Green-Simple-Blob-Business-Mind-Map-Brainstorm-2048x910.png 2048w, https:\/\/wilfriedgroupe.com\/wp-content\/uploads\/2023\/09\/Green-Simple-Blob-Business-Mind-Map-Brainstorm-1200x533.png 1200w, https:\/\/wilfriedgroupe.com\/wp-content\/uploads\/2023\/09\/Green-Simple-Blob-Business-Mind-Map-Brainstorm-1980x880.png 1980w\" sizes=\"auto, (max-width: 1024px) 100vw, 1024px\" \/><\/figure>\n\n\n\n<h2 class=\"wp-block-heading has-text-align-center\" style=\"font-size:40px\"><strong>Leimdi Solution<\/strong><\/h2>\n\n\n\n<p class=\"has-normal-font-size\" style=\"line-height:1.5\"><\/p>\n\n\n\n<p><strong>Centre de contact et digital marketing.<\/strong><\/p>\n\n\n\n<p><\/p>\n\n\n\n<ul class=\"has-normal-font-size wp-block-list\">\n<li>Centre de contact<\/li>\n\n\n\n<li>Digital marketing<\/li>\n\n\n\n<li>D\u00e9veloppement web<\/li>\n<\/ul>\n\n\n\n<div class=\"wp-block-buttons alignfull is-horizontal is-content-justification-center is-layout-flex wp-container-core-buttons-is-layout-499968f5 wp-block-buttons-is-layout-flex\">\n<div class=\"wp-block-button has-custom-width wp-block-button__width-100\"><a class=\"wp-block-button__link has-white-color has-text-color has-background no-border-radius wp-element-button\" href=\"https:\/\/leimdi-solutions.com\/\" style=\"background-color:#000000\">Rejoignez-nous !<\/a><\/div>\n<\/div>\n\n\n\n<h2 class=\"wp-block-heading has-text-align-center\" style=\"font-size:40px\"><strong>Leimdi Distribution<\/strong><\/h2>\n\n\n\n<p class=\"has-normal-font-size\" style=\"line-height:1.5\"><strong>Import-export de produits alimentaire de haute qualit\u00e9.<\/strong><\/p>\n\n\n\n<p><\/p>\n\n\n\n<ul class=\"has-normal-font-size wp-block-list\">\n<li>Import export d&rsquo;une large gamme de produits de qualit\u00e9 sup\u00e9rieure<\/li>\n\n\n\n<li>Logistique<\/li>\n\n\n\n<li>Distribution<\/li>\n<\/ul>\n\n\n\n<div class=\"wp-block-buttons alignfull is-horizontal is-content-justification-center is-layout-flex wp-container-core-buttons-is-layout-499968f5 wp-block-buttons-is-layout-flex\">\n<div class=\"wp-block-button has-custom-width wp-block-button__width-100 is-style-fill\"><a class=\"wp-block-button__link has-white-color has-text-color has-background no-border-radius wp-element-button\" href=\"https:\/\/leimdi.com\/\" style=\"background-color:#000000\">Rejoignez-nous !<\/a><\/div>\n<\/div>\n\n\n\n<h2 class=\"wp-block-heading has-text-align-center\" style=\"font-size:40px\"><strong>Legal Impact Consulting<\/strong><\/h2>\n\n\n\n<p class=\"has-normal-font-size\" style=\"line-height:1.5\"><strong>Apporteur d&rsquo;affaires pour les entreprises \u00e0 but lucratives.<\/strong><\/p>\n\n\n\n<p><\/p>\n\n\n\n<ul class=\"has-normal-font-size wp-block-list\">\n<li>Recouvrement de cr\u00e9ances<\/li>\n\n\n\n<li>Optimiser la gestion financi\u00e8re<\/li>\n\n\n\n<li>R\u00e9cup\u00e9rer les cr\u00e9ances impay\u00e9es de mani\u00e8re efficace et respectueuse<\/li>\n<\/ul>\n\n\n\n<div class=\"wp-block-buttons alignfull is-horizontal is-content-justification-center is-layout-flex wp-container-core-buttons-is-layout-499968f5 wp-block-buttons-is-layout-flex\">\n<div class=\"wp-block-button has-custom-width wp-block-button__width-100 is-style-fill\"><a class=\"wp-block-button__link has-white-color has-text-color has-background no-border-radius wp-element-button\" href=\"https:\/\/leimdi-solutions.com\/\" style=\"background-color:#000000\">Rejoignez-nous !<\/a><\/div>\n<\/div>\n\n\n\n<h2 class=\"wp-block-heading has-text-align-center\" style=\"font-size:40px\"><strong>Financial Negoce Company<\/strong><\/h2>\n\n\n\n<p class=\"has-normal-font-size\"><strong>Recouvrement de cr\u00e9ances et gestion financi\u00e8re. <\/strong><\/p>\n\n\n\n<p><\/p>\n\n\n\n<ul class=\"has-normal-font-size wp-block-list\">\n<li>Connecter les entreprises avec des opportunit\u00e9s lucratives<\/li>\n\n\n\n<li>Identifier les synergies commerciales<\/li>\n\n\n\n<li>Faciliter des partenariats fructueux<\/li>\n<\/ul>\n\n\n\n<div class=\"wp-block-buttons alignfull is-horizontal is-content-justification-center is-layout-flex wp-container-core-buttons-is-layout-499968f5 wp-block-buttons-is-layout-flex\">\n<div class=\"wp-block-button has-custom-width wp-block-button__width-100\"><a class=\"wp-block-button__link has-white-color has-text-color has-background no-border-radius wp-element-button\" href=\"https:\/\/leimdi-solutions.com\/\" style=\"background-color:#000000\">Rejoignez-nous !<\/a><\/div>\n<\/div>\n","protected":false},"excerpt":{"rendered":"<p>Leimdi Solution Centre de contact et digital marketing. Leimdi Distribution Import-export de produits alimentaire de haute qualit\u00e9. Legal Impact Consulting Apporteur d&rsquo;affaires pour les entreprises \u00e0 but lucratives. Financial Negoce Company Recouvrement de cr\u00e9ances et gestion financi\u00e8re.<\/p>\n","protected":false},"author":1,"featured_media":0,"parent":0,"menu_order":0,"comment_status":"closed","ping_status":"closed","template":"","meta":{"footnotes":""},"class_list":["post-6","page","type-page","status-publish","hentry"],"yoast_head":"<!-- This site is optimized with the Yoast SEO plugin v20.9 - https:\/\/yoast.com\/wordpress\/plugins\/seo\/ -->\n<title>Accueil - Wilfried Groupe<\/title>\n<meta name=\"description\" content=\"&quot;Bienvenue chez Wilfried Groupe, un groupe diversifi\u00e9 offrant une expertise dans les secteurs cl\u00e9s de l&#039;import-export de produits alimentaires, l&#039;apporteur d&#039;affaires, les conseils, le digital marketing, les centres de contact et le recouvrement de cr\u00e9ances&quot;.\" \/>\n<meta name=\"robots\" content=\"index, follow, max-snippet:-1, max-image-preview:large, max-video-preview:-1\" \/>\n<link rel=\"canonical\" href=\"https:\/\/wilfriedgroupe.com\/\" \/>\n<meta property=\"og:locale\" content=\"fr_FR\" \/>\n<meta property=\"og:type\" content=\"article\" \/>\n<meta property=\"og:title\" content=\"Accueil - Wilfried Groupe\" \/>\n<meta property=\"og:description\" content=\"&quot;Bienvenue chez Wilfried Groupe, un groupe diversifi\u00e9 offrant une expertise dans les secteurs cl\u00e9s de l&#039;import-export de produits alimentaires, l&#039;apporteur d&#039;affaires, les conseils, le digital marketing, les centres de contact et le recouvrement de cr\u00e9ances&quot;.\" \/>\n<meta property=\"og:url\" content=\"https:\/\/wilfriedgroupe.com\/\" \/>\n<meta property=\"og:site_name\" content=\"Wilfried Groupe\" \/>\n<meta property=\"article:modified_time\" content=\"2023-09-08T11:58:24+00:00\" \/>\n<meta property=\"og:image\" content=\"http:\/\/wilfriedgroupe.com\/wp-content\/uploads\/2023\/06\/Wilfried-Groupe-1-1024x576.png\" \/>\n<meta name=\"twitter:card\" content=\"summary_large_image\" \/>\n<meta name=\"twitter:label1\" content=\"Dur\u00e9e de lecture estim\u00e9e\" \/>\n\t<meta name=\"twitter:data1\" content=\"2 minutes\" \/>\n<script type=\"application\/ld+json\" class=\"yoast-schema-graph\">{\"@context\":\"https:\/\/schema.org\",\"@graph\":[{\"@type\":\"WebPage\",\"@id\":\"https:\/\/wilfriedgroupe.com\/\",\"url\":\"https:\/\/wilfriedgroupe.com\/\",\"name\":\"Accueil - Wilfried Groupe\",\"isPartOf\":{\"@id\":\"https:\/\/wilfriedgroupe.com\/#website\"},\"datePublished\":\"2023-06-25T13:02:37+00:00\",\"dateModified\":\"2023-09-08T11:58:24+00:00\",\"description\":\"\\\"Bienvenue chez Wilfried Groupe, un groupe diversifi\u00e9 offrant une expertise dans les secteurs cl\u00e9s de l'import-export de produits alimentaires, l'apporteur d'affaires, les conseils, le digital marketing, les centres de contact et le recouvrement de cr\u00e9ances\\\".\",\"breadcrumb\":{\"@id\":\"https:\/\/wilfriedgroupe.com\/#breadcrumb\"},\"inLanguage\":\"fr-FR\",\"potentialAction\":[{\"@type\":\"ReadAction\",\"target\":[\"https:\/\/wilfriedgroupe.com\/\"]}]},{\"@type\":\"BreadcrumbList\",\"@id\":\"https:\/\/wilfriedgroupe.com\/#breadcrumb\",\"itemListElement\":[{\"@type\":\"ListItem\",\"position\":1,\"name\":\"Accueil\",\"item\":\"https:\/\/wilfriedgroupe.com\/\"},{\"@type\":\"ListItem\",\"position\":2,\"name\":\"Accueil\"}]},{\"@type\":\"WebSite\",\"@id\":\"https:\/\/wilfriedgroupe.com\/#website\",\"url\":\"https:\/\/wilfriedgroupe.com\/\",\"name\":\"Wilfried Groupe\",\"description\":\"&quot;La cave que vous craignez d&#039;entrer cache le tr\u00e9sor que vous cherchez.&quot;\",\"publisher\":{\"@id\":\"https:\/\/wilfriedgroupe.com\/#organization\"},\"potentialAction\":[{\"@type\":\"SearchAction\",\"target\":{\"@type\":\"EntryPoint\",\"urlTemplate\":\"https:\/\/wilfriedgroupe.com\/?s={search_term_string}\"},\"query-input\":\"required name=search_term_string\"}],\"inLanguage\":\"fr-FR\"},{\"@type\":\"Organization\",\"@id\":\"https:\/\/wilfriedgroupe.com\/#organization\",\"name\":\"Wilfried Groupe\",\"url\":\"https:\/\/wilfriedgroupe.com\/\",\"logo\":{\"@type\":\"ImageObject\",\"inLanguage\":\"fr-FR\",\"@id\":\"https:\/\/wilfriedgroupe.com\/#\/schema\/logo\/image\/\",\"url\":\"https:\/\/wilfriedgroupe.com\/wp-content\/uploads\/2023\/06\/cropped-67718_8742dbb167b14948a96b04a94fee6821-29_06_2023-11_58_52-AM.jpg\",\"contentUrl\":\"https:\/\/wilfriedgroupe.com\/wp-content\/uploads\/2023\/06\/cropped-67718_8742dbb167b14948a96b04a94fee6821-29_06_2023-11_58_52-AM.jpg\",\"width\":619,\"height\":295,\"caption\":\"Wilfried Groupe\"},\"image\":{\"@id\":\"https:\/\/wilfriedgroupe.com\/#\/schema\/logo\/image\/\"}}]}<\/script>\n<!-- \/ Yoast SEO plugin. -->","yoast_head_json":{"title":"Accueil - Wilfried Groupe","description":"\"Bienvenue chez Wilfried Groupe, un groupe diversifi\u00e9 offrant une expertise dans les secteurs cl\u00e9s de l'import-export de produits alimentaires, l'apporteur d'affaires, les conseils, le digital marketing, les centres de contact et le recouvrement de cr\u00e9ances\".","robots":{"index":"index","follow":"follow","max-snippet":"max-snippet:-1","max-image-preview":"max-image-preview:large","max-video-preview":"max-video-preview:-1"},"canonical":"https:\/\/wilfriedgroupe.com\/","og_locale":"fr_FR","og_type":"article","og_title":"Accueil - Wilfried Groupe","og_description":"\"Bienvenue chez Wilfried Groupe, un groupe diversifi\u00e9 offrant une expertise dans les secteurs cl\u00e9s de l'import-export de produits alimentaires, l'apporteur d'affaires, les conseils, le digital marketing, les centres de contact et le recouvrement de cr\u00e9ances\".","og_url":"https:\/\/wilfriedgroupe.com\/","og_site_name":"Wilfried Groupe","article_modified_time":"2023-09-08T11:58:24+00:00","og_image":[{"url":"http:\/\/wilfriedgroupe.com\/wp-content\/uploads\/2023\/06\/Wilfried-Groupe-1-1024x576.png"}],"twitter_card":"summary_large_image","twitter_misc":{"Dur\u00e9e de lecture estim\u00e9e":"2 minutes"},"schema":{"@context":"https:\/\/schema.org","@graph":[{"@type":"WebPage","@id":"https:\/\/wilfriedgroupe.com\/","url":"https:\/\/wilfriedgroupe.com\/","name":"Accueil - Wilfried Groupe","isPartOf":{"@id":"https:\/\/wilfriedgroupe.com\/#website"},"datePublished":"2023-06-25T13:02:37+00:00","dateModified":"2023-09-08T11:58:24+00:00","description":"\"Bienvenue chez Wilfried Groupe, un groupe diversifi\u00e9 offrant une expertise dans les secteurs cl\u00e9s de l'import-export de produits alimentaires, l'apporteur d'affaires, les conseils, le digital marketing, les centres de contact et le recouvrement de cr\u00e9ances\".","breadcrumb":{"@id":"https:\/\/wilfriedgroupe.com\/#breadcrumb"},"inLanguage":"fr-FR","potentialAction":[{"@type":"ReadAction","target":["https:\/\/wilfriedgroupe.com\/"]}]},{"@type":"BreadcrumbList","@id":"https:\/\/wilfriedgroupe.com\/#breadcrumb","itemListElement":[{"@type":"ListItem","position":1,"name":"Accueil","item":"https:\/\/wilfriedgroupe.com\/"},{"@type":"ListItem","position":2,"name":"Accueil"}]},{"@type":"WebSite","@id":"https:\/\/wilfriedgroupe.com\/#website","url":"https:\/\/wilfriedgroupe.com\/","name":"Wilfried Groupe","description":"&quot;La cave que vous craignez d&#039;entrer cache le tr\u00e9sor que vous cherchez.&quot;","publisher":{"@id":"https:\/\/wilfriedgroupe.com\/#organization"},"potentialAction":[{"@type":"SearchAction","target":{"@type":"EntryPoint","urlTemplate":"https:\/\/wilfriedgroupe.com\/?s={search_term_string}"},"query-input":"required name=search_term_string"}],"inLanguage":"fr-FR"},{"@type":"Organization","@id":"https:\/\/wilfriedgroupe.com\/#organization","name":"Wilfried Groupe","url":"https:\/\/wilfriedgroupe.com\/","logo":{"@type":"ImageObject","inLanguage":"fr-FR","@id":"https:\/\/wilfriedgroupe.com\/#\/schema\/logo\/image\/","url":"https:\/\/wilfriedgroupe.com\/wp-content\/uploads\/2023\/06\/cropped-67718_8742dbb167b14948a96b04a94fee6821-29_06_2023-11_58_52-AM.jpg","contentUrl":"https:\/\/wilfriedgroupe.com\/wp-content\/uploads\/2023\/06\/cropped-67718_8742dbb167b14948a96b04a94fee6821-29_06_2023-11_58_52-AM.jpg","width":619,"height":295,"caption":"Wilfried Groupe"},"image":{"@id":"https:\/\/wilfriedgroupe.com\/#\/schema\/logo\/image\/"}}]}},"_links":{"self":[{"href":"https:\/\/wilfriedgroupe.com\/index.php\/wp-json\/wp\/v2\/pages\/6","targetHints":{"allow":["GET"]}}],"collection":[{"href":"https:\/\/wilfriedgroupe.com\/index.php\/wp-json\/wp\/v2\/pages"}],"about":[{"href":"https:\/\/wilfriedgroupe.com\/index.php\/wp-json\/wp\/v2\/types\/page"}],"author":[{"embeddable":true,"href":"https:\/\/wilfriedgroupe.com\/index.php\/wp-json\/wp\/v2\/users\/1"}],"replies":[{"embeddable":true,"href":"https:\/\/wilfriedgroupe.com\/index.php\/wp-json\/wp\/v2\/comments?post=6"}],"version-history":[{"count":26,"href":"https:\/\/wilfriedgroupe.com\/index.php\/wp-json\/wp\/v2\/pages\/6\/revisions"}],"predecessor-version":[{"id":156,"href":"https:\/\/wilfriedgroupe.com\/index.php\/wp-json\/wp\/v2\/pages\/6\/revisions\/156"}],"wp:attachment":[{"href":"https:\/\/wilfriedgroupe.com\/index.php\/wp-json\/wp\/v2\/media?parent=6"}],"curies":[{"name":"wp","href":"https:\/\/api.w.org\/{rel}","templated":true}]}}